{"id":11,"date":"2025-09-16T15:56:46","date_gmt":"2025-09-16T15:56:46","guid":{"rendered":"http:\/\/generaz.cluster100.hosting.ovh.net\/?page_id=11"},"modified":"2025-10-05T16:31:00","modified_gmt":"2025-10-05T16:31:00","slug":"le-simulateur","status":"publish","type":"page","link":"http:\/\/generaz.cluster100.hosting.ovh.net\/index.php\/le-simulateur\/","title":{"rendered":"LE SIMULATEUR"},"content":{"rendered":"\n<p>Le d\u00e9montage du simulateur a commenc\u00e9 depuis le 30 septembre sur la base a\u00e9rienne 105 d&#8217;Evreux.<\/p>\n\n\n\n<p>Nous allons le transporter vers Toulouse le 9 Octobre ou nous allons le remonter.<\/p>\n\n\n\n<p>Il sera possible de faire des vols. Nous pr\u00e9voyons sa remise en fonctionnement \u00e0 partir de d\u00e9but d\u00e9cembre.<\/p>\n\n\n\n<p><\/p>\n\n\n\n<p><\/p>\n\n\n\n<figure class=\"wp-block-image size-large\"><img loading=\"lazy\" decoding=\"async\" width=\"1024\" height=\"576\" src=\"http:\/\/generaz.cluster100.hosting.ovh.net\/wp-content\/uploads\/2025\/09\/Vue-generale-1024x576.jpg\" alt=\"\" class=\"wp-image-31\" srcset=\"http:\/\/generaz.cluster100.hosting.ovh.net\/wp-content\/uploads\/2025\/09\/Vue-generale-1024x576.jpg 1024w, http:\/\/generaz.cluster100.hosting.ovh.net\/wp-content\/uploads\/2025\/09\/Vue-generale-300x169.jpg 300w, http:\/\/generaz.cluster100.hosting.ovh.net\/wp-content\/uploads\/2025\/09\/Vue-generale-768x432.jpg 768w, http:\/\/generaz.cluster100.hosting.ovh.net\/wp-content\/uploads\/2025\/09\/Vue-generale-1536x864.jpg 1536w, http:\/\/generaz.cluster100.hosting.ovh.net\/wp-content\/uploads\/2025\/09\/Vue-generale-2048x1152.jpg 2048w, http:\/\/generaz.cluster100.hosting.ovh.net\/wp-content\/uploads\/2025\/09\/Vue-generale-1140x641.jpg 1140w\" sizes=\"auto, (max-width: 1024px) 100vw, 1024px\" \/><\/figure>\n","protected":false},"excerpt":{"rendered":"<p>Le d\u00e9montage du simulateur a commenc\u00e9 depuis le 30 septembre sur la base a\u00e9rienne 105 d&#8217;Evreux. Nous allons le transporter vers Toulouse le 9 Octobre ou nous allons le remonter. Il sera possible de faire des vols. Nous pr\u00e9voyons sa remise en fonctionnement \u00e0 partir de d\u00e9but d\u00e9cembre.<\/p>\n","protected":false},"author":1,"featured_media":0,"parent":0,"menu_order":0,"comment_status":"closed","ping_status":"closed","template":"","meta":{"footnotes":""},"class_list":["post-11","page","type-page","status-publish","hentry"],"_links":{"self":[{"href":"http:\/\/generaz.cluster100.hosting.ovh.net\/index.php\/wp-json\/wp\/v2\/pages\/11","targetHints":{"allow":["GET"]}}],"collection":[{"href":"http:\/\/generaz.cluster100.hosting.ovh.net\/index.php\/wp-json\/wp\/v2\/pages"}],"about":[{"href":"http:\/\/generaz.cluster100.hosting.ovh.net\/index.php\/wp-json\/wp\/v2\/types\/page"}],"author":[{"embeddable":true,"href":"http:\/\/generaz.cluster100.hosting.ovh.net\/index.php\/wp-json\/wp\/v2\/users\/1"}],"replies":[{"embeddable":true,"href":"http:\/\/generaz.cluster100.hosting.ovh.net\/index.php\/wp-json\/wp\/v2\/comments?post=11"}],"version-history":[{"count":3,"href":"http:\/\/generaz.cluster100.hosting.ovh.net\/index.php\/wp-json\/wp\/v2\/pages\/11\/revisions"}],"predecessor-version":[{"id":91,"href":"http:\/\/generaz.cluster100.hosting.ovh.net\/index.php\/wp-json\/wp\/v2\/pages\/11\/revisions\/91"}],"wp:attachment":[{"href":"http:\/\/generaz.cluster100.hosting.ovh.net\/index.php\/wp-json\/wp\/v2\/media?parent=11"}],"curies":[{"name":"wp","href":"https:\/\/api.w.org\/{rel}","templated":true}]}}